{"id":63,"date":"2024-10-29T14:03:56","date_gmt":"2024-10-29T14:03:56","guid":{"rendered":"https:\/\/youthcup.kksokud.ee\/?page_id=63"},"modified":"2026-04-16T12:48:30","modified_gmt":"2026-04-16T12:48:30","slug":"tournament-info","status":"publish","type":"page","link":"https:\/\/youthcup.kksokud.ee\/et\/tournament-info\/","title":{"rendered":"Turniiri info"},"content":{"rendered":"<div class=\"row\"  id=\"row-16533063\">\n\n\n\t<div id=\"col-688153116\" class=\"col medium-11 small-12 large-11\"  >\n\t\t\t\t<div class=\"col-inner\"  >\n\t\t\t\n\t\t\t\n\n<p>Tournament will be organized by BC Kalev\/Cramo youthclub KK Sokud.<\/p>\n<p>Kalev Cramo \/ No Bananas noortekarika m\u00e4ngud algavad 15. mail kell 09:00 ja l\u00f5pevad 17. mail kell 15:00. T\u00e4pne turniiri ajakava iga vanuseklassi kohta avaldatakse hiljemalt 1. mail, enne turniiri.\u00a0<\/p>\n<p>Palun registreerige oma meeskond l\u00e4bi kodulehe registreerimisvormi v\u00f5i e-posti teel (<strong><a href=\"mailto:youthcup@kksokud.ee\">youthcup@kksokud.ee<\/a><\/strong>) hiljemalt <strong>1.aprilliks 2026.<\/strong><\/p>\n<p>Iga v\u00f5istkond registreerib end m\u00e4ngupaigas (kus m\u00e4ngib tema vanuser\u00fchm) hiljemalt 30 minutit enne oma esimese m\u00e4ngu algust (eelregistreerimist\/nimekirja pole vaja). Igas m\u00e4ngupaigas on sekretariaat, kus vastutavad inimesed aitavad meeskondi k\u00f5igis k\u00fcsimustes.<\/p>\n<p>Esimene Kalev Cramo \/ No Bananas laste ja noorte korvpalliturniir toimus Tallinnas 23.\u201325. mai 2025 ning sellest v\u00f5ttis osa 192 v\u00f5istkonda kuuest riigist.<\/p>\n<p>Osalevad vanuser\u00fchmad 2026:<\/p>\n<h2>VANUSER\u00dcHMAD T\u00dcDRUKUD<\/h2>\n<ul>\n<li>U-19 (2007-2008) Competive \/ Challenge 4\u00d78 min, palli suurus 7 (m\u00e4ngud Saue Riigig\u00fcmnaasiumi spordihoones, <a href=\"https:\/\/maps.app.goo.gl\/HY5Zh99sxQGcBwKW6\" target=\"_blank\" rel=\"noopener\">Google&#039;i kaart<\/a> )\u00a0<\/li>\n<li>U-16 (2010) Competive \/ Challenge 4\u00d78 min, palli suurus 7 (m\u00e4ngud S\u00f5le Spordikeskuses, <a href=\"https:\/\/maps.app.goo.gl\/ZCB7gE4Dp8mzN4b4A\" target=\"_blank\" rel=\"noopener\">Google&#039;i kaart<\/a> )<\/li>\n<li>U-14 (2012) Competitive \/ Challenge 4&#215;8 min, ball size 6 (games at Kristiine Spordimaja\/Siili,\u00a0<a href=\"https:\/\/maps.app.goo.gl\/QB2U1STzswRW9YM79\">Google&#039;i kaart<\/a>\u00a0)<\/li>\n<li>U-12 (2014) Competitive \/ Challenge 4&#215;8 min, ball size 5 (games at Audentese Spordikeskus, <a href=\"https:\/\/maps.app.goo.gl\/gXNHNU7ZxQFW28i96\" target=\"_blank\" rel=\"noopener\">Google&#039;i kaart<\/a> )<\/li>\n<li>U-10 (2016 and younger) 4X8 min ball size 5 (games at N\u00f5mme G\u00fcmnaasiumi spordihoone, <a href=\"https:\/\/maps.app.goo.gl\/Nq9nCzBfu8KsWQDy9\" target=\"_blank\" rel=\"noopener\">Google&#039;i kaart<\/a> )<\/li>\n<li>U-8 t\u00fcdrukud ja poisid (2018 ja nooremad) 4\u00d78 min, palli suurus 5 (m\u00e4ngud N\u00f5mme G\u00fcmnaasiumi spordihoones, <a href=\"https:\/\/maps.app.goo.gl\/Nq9nCzBfu8KsWQDy9\" target=\"_blank\" rel=\"noopener\">Google&#039;i kaart<\/a> )<\/li>\n<\/ul>\n<h2>VANUSER\u00dcHMAD POISID<\/h2>\n<ul>\n<li>U-19 (2007-2008) Competive \/ Challenge 4\u00d78 min, palli suurus 7 (m\u00e4ngud Saue Riigig\u00fcmnaasiumi spordihoones, <a href=\"https:\/\/maps.app.goo.gl\/HY5Zh99sxQGcBwKW6\" target=\"_blank\" rel=\"noopener\">Google&#039;i kaart<\/a> )\u00a0<\/li>\n<li>U-17 (2009) 4&#215;8 min, ball size 7 (games at Kristiine Spordimaja\/Siili,\u00a0<a href=\"https:\/\/maps.app.goo.gl\/QB2U1STzswRW9YM79\">Google&#039;i kaart<\/a>\u00a0)<\/li>\n<li>U-16 (2010) Competive \/ Challenge 4\u00d78 min, palli suurus 7 (m\u00e4ngud S\u00f5le Spordikeskuses, <a href=\"https:\/\/maps.app.goo.gl\/ZCB7gE4Dp8mzN4b4A\" target=\"_blank\" rel=\"noopener\">Google&#039;i kaart<\/a> )<\/li>\n<li>U-15 (2011) Competitive \/ Challenge 4&#215;8 min, ball size 7 (U15 games at S\u00f5bra Spordihoone, <a href=\"https:\/\/maps.app.goo.gl\/QB2U1STzswRW9YM79\">Google&#039;i kaart<\/a>\u00a0 and U15C at Audentese Spordikeskus, <a href=\"https:\/\/maps.app.goo.gl\/gXNHNU7ZxQFW28i96\" target=\"_blank\" rel=\"noopener\">Google&#039;i kaart<\/a> )<\/li>\n<li>U-14 (2012) Competive \/ Challenge 4\u00d78 min, palli suurus 6 (m\u00e4ngud Kalevi spordihallis, <a href=\"https:\/\/maps.app.goo.gl\/d8kYhZc6c7PzLWdd6\" target=\"_blank\" rel=\"noopener\">Google&#039;i kaart<\/a> \u00a0)<\/li>\n<li>U-13 (2013) Competive \/ Challenge 4\u00d78 min, palli suurus 6 (m\u00e4ngud Kalevi spordihallis, <a href=\"https:\/\/maps.app.goo.gl\/d8kYhZc6c7PzLWdd6\" target=\"_blank\" rel=\"noopener\">Google&#039;i kaart<\/a> )<\/li>\n<li>U-12 (2014) Competitive \/ Challenge 4&#215;8 min, ball size 5 (U12 games at \u00d5ism\u00e4e Sportm\u00e4ngude maja, <a href=\"https:\/\/maps.app.goo.gl\/vSJzxvTXkF8Dr92d7\" target=\"_blank\" rel=\"noopener\">Google&#039;i kaart<\/a> and U12C at Ring Spordihoone, <a href=\"https:\/\/maps.app.goo.gl\/jTiFQBM73WG131pC7\" target=\"_blank\" rel=\"noopener\">Google&#039;i kaart<\/a> )<\/li>\n<li>U-11 (2015) Competitive \/ Challenge 4\u00d78 min, palli suurus 5 (m\u00e4ngud \u00d5ism\u00e4e Sportm\u00e4ngude majas, <a href=\"https:\/\/maps.app.goo.gl\/vSJzxvTXkF8Dr92d7\" target=\"_blank\" rel=\"noopener\">Google&#039;i kaart<\/a> )<\/li>\n<li>U-10 (2016) 4\u00d78 min, palli suurus 5 (m\u00e4ngud \u00d5ism\u00e4e Sportm\u00e4ngude majas, <a href=\"https:\/\/maps.app.goo.gl\/vSJzxvTXkF8Dr92d7\" target=\"_blank\" rel=\"noopener\">Google&#039;i kaart<\/a> )<\/li>\n<li>U-9 (2017 ja nooremad) 4\u00d78 min, palli suurus 5 (m\u00e4ngud N\u00f5mme G\u00fcmnaasiumi spordihoones, <a href=\"https:\/\/maps.app.goo.gl\/Zj1avBZtHhbMDWiF7\" target=\"_blank\" rel=\"noopener\">Google&#039;i kaart<\/a> )<\/li>\n<li>U-8 t\u00fcdrukud ja poisid (2018 ja nooremad) 4\u00d78 min, palli suurus 5 (m\u00e4ngud N\u00f5mme G\u00fcmnaasiumi spordihoones, <a href=\"https:\/\/maps.app.goo.gl\/Zj1avBZtHhbMDWiF7\" target=\"_blank\" rel=\"noopener\">Google&#039;i kaart<\/a> )<\/li>\n<\/ul>\n\n\t\t<\/div>\n\t\t\t\t\t<\/div>\n\n\t\n\n\t<div id=\"col-1782859537\" class=\"col medium-1 small-12 large-1\"  >\n\t\t\t\t<div class=\"col-inner\"  >\n\t\t\t\n\t\t\t\n\n\t<div class=\"img has-hover x md-x lg-x y md-y lg-y\" id=\"image_1410908884\">\n\t\t\t\t\t\t\t\t<div class=\"img-inner dark\" >\n\t\t\t<img decoding=\"async\" width=\"806\" height=\"984\" data-src=\"https:\/\/youthcup.kksokud.ee\/wp-content\/uploads\/2024\/10\/BC_KC_logo_Dark_RGB@4x-8.png\" class=\"attachment-original size-original lazyload\" alt=\"\" data-srcset=\"https:\/\/youthcup.kksokud.ee\/wp-content\/uploads\/2024\/10\/BC_KC_logo_Dark_RGB@4x-8.png 806w, https:\/\/youthcup.kksokud.ee\/wp-content\/uploads\/2024\/10\/BC_KC_logo_Dark_RGB@4x-8-246x300.png 246w, https:\/\/youthcup.kksokud.ee\/wp-content\/uploads\/2024\/10\/BC_KC_logo_Dark_RGB@4x-8-768x938.png 768w\" data-sizes=\"(max-width: 806px) 100vw, 806px\" src=\"data:image\/svg+xml;base64,PHN2ZyB3aWR0aD0iMSIgaGVpZ2h0PSIxIiB4bWxucz0iaHR0cDovL3d3dy53My5vcmcvMjAwMC9zdmciPjwvc3ZnPg==\" style=\"--smush-placeholder-width: 806px; --smush-placeholder-aspect-ratio: 806\/984;\" \/>\t\t\t\t\t\t\n\t\t\t\t\t<\/div>\n\t\t\t\t\t\t\t\t\n<style>\n#image_1410908884 {\n  width: 100%;\n}\n<\/style>\n\t<\/div>\n\t\n\n\t<div class=\"img has-hover x md-x lg-x y md-y lg-y\" id=\"image_1675016112\">\n\t\t\t\t\t\t\t\t<div class=\"img-inner dark\" >\n\t\t\t<img decoding=\"async\" width=\"910\" height=\"466\" data-src=\"https:\/\/youthcup.kksokud.ee\/wp-content\/uploads\/2024\/12\/nyIBQpqg.png\" class=\"attachment-original size-original lazyload\" alt=\"\" data-srcset=\"https:\/\/youthcup.kksokud.ee\/wp-content\/uploads\/2024\/12\/nyIBQpqg.png 910w, https:\/\/youthcup.kksokud.ee\/wp-content\/uploads\/2024\/12\/nyIBQpqg-300x154.png 300w, https:\/\/youthcup.kksokud.ee\/wp-content\/uploads\/2024\/12\/nyIBQpqg-768x393.png 768w\" data-sizes=\"(max-width: 910px) 100vw, 910px\" src=\"data:image\/svg+xml;base64,PHN2ZyB3aWR0aD0iMSIgaGVpZ2h0PSIxIiB4bWxucz0iaHR0cDovL3d3dy53My5vcmcvMjAwMC9zdmciPjwvc3ZnPg==\" style=\"--smush-placeholder-width: 910px; --smush-placeholder-aspect-ratio: 910\/466;\" \/>\t\t\t\t\t\t\n\t\t\t\t\t<\/div>\n\t\t\t\t\t\t\t\t\n<style>\n#image_1675016112 {\n  width: 100%;\n}\n<\/style>\n\t<\/div>\n\t\n\n\t<div class=\"img has-hover x md-x lg-x y md-y lg-y\" id=\"image_323377980\">\n\t\t\t\t\t\t\t\t<div class=\"img-inner dark\" >\n\t\t\t<img decoding=\"async\" width=\"341\" height=\"228\" data-src=\"https:\/\/youthcup.kksokud.ee\/wp-content\/uploads\/2024\/11\/TRV.png\" class=\"attachment-original size-original lazyload\" alt=\"\" data-srcset=\"https:\/\/youthcup.kksokud.ee\/wp-content\/uploads\/2024\/11\/TRV.png 341w, https:\/\/youthcup.kksokud.ee\/wp-content\/uploads\/2024\/11\/TRV-300x201.png 300w\" data-sizes=\"(max-width: 341px) 100vw, 341px\" src=\"data:image\/svg+xml;base64,PHN2ZyB3aWR0aD0iMSIgaGVpZ2h0PSIxIiB4bWxucz0iaHR0cDovL3d3dy53My5vcmcvMjAwMC9zdmciPjwvc3ZnPg==\" style=\"--smush-placeholder-width: 341px; --smush-placeholder-aspect-ratio: 341\/228;\" \/>\t\t\t\t\t\t\n\t\t\t\t\t<\/div>\n\t\t\t\t\t\t\t\t\n<style>\n#image_323377980 {\n  width: 100%;\n}\n<\/style>\n\t<\/div>\n\t\n\n\t<div class=\"img has-hover x md-x lg-x y md-y lg-y\" id=\"image_1354132618\">\n\t\t\t\t\t\t\t\t<div class=\"img-inner dark\" >\n\t\t\t<img decoding=\"async\" width=\"600\" height=\"148\" data-src=\"https:\/\/youthcup.kksokud.ee\/wp-content\/uploads\/2024\/11\/Stigmar.jpg\" class=\"attachment-original size-original lazyload\" alt=\"\" data-srcset=\"https:\/\/youthcup.kksokud.ee\/wp-content\/uploads\/2024\/11\/Stigmar.jpg 600w, https:\/\/youthcup.kksokud.ee\/wp-content\/uploads\/2024\/11\/Stigmar-300x74.jpg 300w\" data-sizes=\"(max-width: 600px) 100vw, 600px\" src=\"data:image\/svg+xml;base64,PHN2ZyB3aWR0aD0iMSIgaGVpZ2h0PSIxIiB4bWxucz0iaHR0cDovL3d3dy53My5vcmcvMjAwMC9zdmciPjwvc3ZnPg==\" style=\"--smush-placeholder-width: 600px; --smush-placeholder-aspect-ratio: 600\/148;\" \/>\t\t\t\t\t\t\n\t\t\t\t\t<\/div>\n\t\t\t\t\t\t\t\t\n<style>\n#image_1354132618 {\n  width: 100%;\n}\n<\/style>\n\t<\/div>\n\t\n\n\t<div class=\"img has-hover x md-x lg-x y md-y lg-y\" id=\"image_201152352\">\n\t\t\t\t\t\t\t\t<div class=\"img-inner dark\" >\n\t\t\t<img decoding=\"async\" width=\"553\" height=\"553\" data-src=\"https:\/\/youthcup.kksokud.ee\/wp-content\/uploads\/2024\/12\/Sigma-Systems.jpg\" class=\"attachment-large size-large lazyload\" alt=\"\" data-srcset=\"https:\/\/youthcup.kksokud.ee\/wp-content\/uploads\/2024\/12\/Sigma-Systems.jpg 553w, https:\/\/youthcup.kksokud.ee\/wp-content\/uploads\/2024\/12\/Sigma-Systems-300x300.jpg 300w, https:\/\/youthcup.kksokud.ee\/wp-content\/uploads\/2024\/12\/Sigma-Systems-150x150.jpg 150w\" data-sizes=\"(max-width: 553px) 100vw, 553px\" src=\"data:image\/svg+xml;base64,PHN2ZyB3aWR0aD0iMSIgaGVpZ2h0PSIxIiB4bWxucz0iaHR0cDovL3d3dy53My5vcmcvMjAwMC9zdmciPjwvc3ZnPg==\" style=\"--smush-placeholder-width: 553px; --smush-placeholder-aspect-ratio: 553\/553;\" \/>\t\t\t\t\t\t\n\t\t\t\t\t<\/div>\n\t\t\t\t\t\t\t\t\n<style>\n#image_201152352 {\n  width: 100%;\n}\n<\/style>\n\t<\/div>\n\t\n\n\n\t\t<\/div>\n\t\t\t\t\t<\/div>\n\n\t\n\n<\/div>","protected":false},"excerpt":{"rendered":"","protected":false},"author":2,"featured_media":0,"parent":0,"menu_order":0,"comment_status":"closed","ping_status":"closed","template":"","meta":{"_monsterinsights_skip_tracking":false,"_monsterinsights_sitenote_active":false,"_monsterinsights_sitenote_note":"","_monsterinsights_sitenote_category":0,"footnotes":""},"class_list":["post-63","page","type-page","status-publish","hentry"],"_links":{"self":[{"href":"https:\/\/youthcup.kksokud.ee\/et\/wp-json\/wp\/v2\/pages\/63","targetHints":{"allow":["GET"]}}],"collection":[{"href":"https:\/\/youthcup.kksokud.ee\/et\/wp-json\/wp\/v2\/pages"}],"about":[{"href":"https:\/\/youthcup.kksokud.ee\/et\/wp-json\/wp\/v2\/types\/page"}],"author":[{"embeddable":true,"href":"https:\/\/youthcup.kksokud.ee\/et\/wp-json\/wp\/v2\/users\/2"}],"replies":[{"embeddable":true,"href":"https:\/\/youthcup.kksokud.ee\/et\/wp-json\/wp\/v2\/comments?post=63"}],"version-history":[{"count":5,"href":"https:\/\/youthcup.kksokud.ee\/et\/wp-json\/wp\/v2\/pages\/63\/revisions"}],"predecessor-version":[{"id":1267,"href":"https:\/\/youthcup.kksokud.ee\/et\/wp-json\/wp\/v2\/pages\/63\/revisions\/1267"}],"wp:attachment":[{"href":"https:\/\/youthcup.kksokud.ee\/et\/wp-json\/wp\/v2\/media?parent=63"}],"curies":[{"name":"t\u00f6\u00f6leht","href":"https:\/\/api.w.org\/{rel}","templated":true}]}}