{"id":65,"date":"2024-10-29T14:04:22","date_gmt":"2024-10-29T14:04:22","guid":{"rendered":"https:\/\/youthcup.kksokud.ee\/?page_id=65"},"modified":"2024-12-08T19:40:25","modified_gmt":"2024-12-08T19:40:25","slug":"rules","status":"publish","type":"page","link":"https:\/\/youthcup.kksokud.ee\/et\/rules\/","title":{"rendered":"Reeglid"},"content":{"rendered":"<div class=\"row\"  id=\"row-1284166578\">\n\n\n\t<div id=\"col-536934247\" class=\"col medium-10 small-12 large-10\"  >\n\t\t\t\t<div class=\"col-inner\"  >\n\t\t\t\n\t\t\t\n\n<p><b>TURNIIRI AMETLIK REEGLID<\/b><\/p>\n<p>M\u00e4nguaeg on 4 x 8 minutit ning vabavisete ja time-outide ajal seisuaeg.<\/p>\n<p>M\u00e4ngu viimane veerand m\u00e4ngitakse reaalajal.<\/p>\n<p>Iga veerandaja vaheline paus on 1 minut.<\/p>\n<p>Igal meeskonnal v\u00f5ib igal veerandajal olla \u00fcks timeout!<\/p>\n<p>V\u00f5istkondlikud vead on t\u00e4is p\u00e4rast 4 viga, p\u00e4rast 5. viga algavad vabavisked.<\/p>\n<p>Kui m\u00e4ng on m\u00e4nguaja l\u00f5pus tasav\u00e4gine, m\u00e4ngitakse lisaaeg \u201c\u00e4kksurma\u201d p\u00f5him\u00f5ttel.<\/p>\n<p>Lisaaeg algab h\u00fcppepalliga.<\/p>\n<p><b>V\u00d5ISTLUS\u00dcSTEEM<\/b><\/p>\n<p>Grupifaasis jagatakse v\u00f5istkonnad mitmesse gruppi, et pakkuda vanuseklassidele parimat turniirivormingut. Igale meeskonnale on tagatud 5 m\u00e4ngu. Alagrupi etapis annab v\u00f5it 2 punkti, kaotus 1 punkti ja forfit 0 punkti.<br \/>V\u00f5rdsete punktide korral grupifaasis annab l\u00f5pliku positsiooni:<\/p>\n<ul>\n<li>sama arvu m\u00e4ngupunkte omavate meeskondade vahelise m\u00e4ngu v\u00f5itja<\/li>\n<li>3 ja enam meeskonda, omavaheliste m\u00e4ngude punktide vahe (+\/-).<\/li>\n<li>enim visatud korve omavaheliste m\u00e4ngude vahel<\/li>\n<li>k\u00f5igi vanuseklasside m\u00e4ngude k\u00f5ige enam visatud korve<\/li>\n<li>drawing<\/li>\n<\/ul>\n<p><b>PROTEST<\/b><\/p>\n<p>Protest tuleb esitada kirjalikult v\u00f5istkonna treeneri poolt hiljemalt 20 minuti jooksul p\u00e4rast protestitava m\u00e4ngu l\u00f5ppu.<br \/>Protest tuleb esitada toimumiskoha sekretariaadile.<br \/>Protesti menetlemise tasu on 50 EUR (tagastatakse protesti vastuv\u00f5tmisel).<\/p>\n<p><b>AUHINNAD<\/b><\/p>\n<p>Iga vanuser\u00fchma kolme esimest v\u00f5istkonda autasustatakse karikate ja medalitega. Lisaks valitakse igast meeskonnast ja igast vanuser\u00fchmast MVP m\u00e4ngijad.<\/p>\n<p><b>KINDLUSTUS\/MEDITSIINIABI<\/b><\/p>\n<p>Palun veenduge, et k\u00f5ik Teie m\u00e4ngijad oleksid kindlustatud nii m\u00e4nguv\u00e4ljakul kui ka v\u00e4ljaspool seda, turniiri korraldaja ei vastuta korvpalliturniiri ajal juhtuvate vigastuste eest. Igas toimumiskohas on olemas esmaabi osutavad meditsiinit\u00f6\u00f6tajad.<\/p>\n\n\t\t<\/div>\n\t\t\t\t\t<\/div>\n\n\t\n\n\t<div id=\"col-804736100\" class=\"col medium-2 small-12 large-2\"  >\n\t\t\t\t<div class=\"col-inner\"  >\n\t\t\t\n\t\t\t\n\n\t<div class=\"img has-hover x md-x lg-x y md-y lg-y\" id=\"image_589408945\">\n\t\t\t\t\t\t\t\t<div class=\"img-inner dark\" >\n\t\t\t<img decoding=\"async\" width=\"806\" height=\"984\" data-src=\"https:\/\/youthcup.kksokud.ee\/wp-content\/uploads\/2024\/10\/BC_KC_logo_Dark_RGB@4x-8.png\" class=\"attachment-original size-original lazyload\" alt=\"\" data-srcset=\"https:\/\/youthcup.kksokud.ee\/wp-content\/uploads\/2024\/10\/BC_KC_logo_Dark_RGB@4x-8.png 806w, https:\/\/youthcup.kksokud.ee\/wp-content\/uploads\/2024\/10\/BC_KC_logo_Dark_RGB@4x-8-246x300.png 246w, https:\/\/youthcup.kksokud.ee\/wp-content\/uploads\/2024\/10\/BC_KC_logo_Dark_RGB@4x-8-768x938.png 768w\" data-sizes=\"(max-width: 806px) 100vw, 806px\" src=\"data:image\/svg+xml;base64,PHN2ZyB3aWR0aD0iMSIgaGVpZ2h0PSIxIiB4bWxucz0iaHR0cDovL3d3dy53My5vcmcvMjAwMC9zdmciPjwvc3ZnPg==\" style=\"--smush-placeholder-width: 806px; --smush-placeholder-aspect-ratio: 806\/984;\" \/>\t\t\t\t\t\t\n\t\t\t\t\t<\/div>\n\t\t\t\t\t\t\t\t\n<style>\n#image_589408945 {\n  width: 100%;\n}\n<\/style>\n\t<\/div>\n\t\n\n\t<div class=\"img has-hover x md-x lg-x y md-y lg-y\" id=\"image_1162934678\">\n\t\t\t\t\t\t\t\t<div class=\"img-inner dark\" >\n\t\t\t<img decoding=\"async\" width=\"910\" height=\"466\" data-src=\"https:\/\/youthcup.kksokud.ee\/wp-content\/uploads\/2024\/12\/nyIBQpqg.png\" class=\"attachment-original size-original lazyload\" alt=\"\" data-srcset=\"https:\/\/youthcup.kksokud.ee\/wp-content\/uploads\/2024\/12\/nyIBQpqg.png 910w, https:\/\/youthcup.kksokud.ee\/wp-content\/uploads\/2024\/12\/nyIBQpqg-300x154.png 300w, https:\/\/youthcup.kksokud.ee\/wp-content\/uploads\/2024\/12\/nyIBQpqg-768x393.png 768w\" data-sizes=\"(max-width: 910px) 100vw, 910px\" src=\"data:image\/svg+xml;base64,PHN2ZyB3aWR0aD0iMSIgaGVpZ2h0PSIxIiB4bWxucz0iaHR0cDovL3d3dy53My5vcmcvMjAwMC9zdmciPjwvc3ZnPg==\" style=\"--smush-placeholder-width: 910px; --smush-placeholder-aspect-ratio: 910\/466;\" \/>\t\t\t\t\t\t\n\t\t\t\t\t<\/div>\n\t\t\t\t\t\t\t\t\n<style>\n#image_1162934678 {\n  width: 100%;\n}\n<\/style>\n\t<\/div>\n\t\n\n\t<div class=\"img has-hover x md-x lg-x y md-y lg-y\" id=\"image_318297165\">\n\t\t\t\t\t\t\t\t<div class=\"img-inner dark\" >\n\t\t\t<img decoding=\"async\" width=\"341\" height=\"228\" data-src=\"https:\/\/youthcup.kksokud.ee\/wp-content\/uploads\/2024\/11\/TRV.png\" class=\"attachment-original size-original lazyload\" alt=\"\" data-srcset=\"https:\/\/youthcup.kksokud.ee\/wp-content\/uploads\/2024\/11\/TRV.png 341w, https:\/\/youthcup.kksokud.ee\/wp-content\/uploads\/2024\/11\/TRV-300x201.png 300w\" data-sizes=\"(max-width: 341px) 100vw, 341px\" src=\"data:image\/svg+xml;base64,PHN2ZyB3aWR0aD0iMSIgaGVpZ2h0PSIxIiB4bWxucz0iaHR0cDovL3d3dy53My5vcmcvMjAwMC9zdmciPjwvc3ZnPg==\" style=\"--smush-placeholder-width: 341px; --smush-placeholder-aspect-ratio: 341\/228;\" \/>\t\t\t\t\t\t\n\t\t\t\t\t<\/div>\n\t\t\t\t\t\t\t\t\n<style>\n#image_318297165 {\n  width: 100%;\n}\n<\/style>\n\t<\/div>\n\t\n\n\t<div class=\"img has-hover x md-x lg-x y md-y lg-y\" id=\"image_1106096303\">\n\t\t\t\t\t\t\t\t<div class=\"img-inner dark\" >\n\t\t\t<img decoding=\"async\" width=\"600\" height=\"148\" data-src=\"https:\/\/youthcup.kksokud.ee\/wp-content\/uploads\/2024\/11\/Stigmar.jpg\" class=\"attachment-original size-original lazyload\" alt=\"\" data-srcset=\"https:\/\/youthcup.kksokud.ee\/wp-content\/uploads\/2024\/11\/Stigmar.jpg 600w, https:\/\/youthcup.kksokud.ee\/wp-content\/uploads\/2024\/11\/Stigmar-300x74.jpg 300w\" data-sizes=\"(max-width: 600px) 100vw, 600px\" src=\"data:image\/svg+xml;base64,PHN2ZyB3aWR0aD0iMSIgaGVpZ2h0PSIxIiB4bWxucz0iaHR0cDovL3d3dy53My5vcmcvMjAwMC9zdmciPjwvc3ZnPg==\" style=\"--smush-placeholder-width: 600px; --smush-placeholder-aspect-ratio: 600\/148;\" \/>\t\t\t\t\t\t\n\t\t\t\t\t<\/div>\n\t\t\t\t\t\t\t\t\n<style>\n#image_1106096303 {\n  width: 100%;\n}\n<\/style>\n\t<\/div>\n\t\n\n\t<div class=\"img has-hover x md-x lg-x y md-y lg-y\" id=\"image_1139919061\">\n\t\t\t\t\t\t\t\t<div class=\"img-inner dark\" >\n\t\t\t<img decoding=\"async\" width=\"553\" height=\"553\" data-src=\"https:\/\/youthcup.kksokud.ee\/wp-content\/uploads\/2024\/12\/Sigma-Systems.jpg\" class=\"attachment-large size-large lazyload\" alt=\"\" data-srcset=\"https:\/\/youthcup.kksokud.ee\/wp-content\/uploads\/2024\/12\/Sigma-Systems.jpg 553w, https:\/\/youthcup.kksokud.ee\/wp-content\/uploads\/2024\/12\/Sigma-Systems-300x300.jpg 300w, https:\/\/youthcup.kksokud.ee\/wp-content\/uploads\/2024\/12\/Sigma-Systems-150x150.jpg 150w\" data-sizes=\"(max-width: 553px) 100vw, 553px\" src=\"data:image\/svg+xml;base64,PHN2ZyB3aWR0aD0iMSIgaGVpZ2h0PSIxIiB4bWxucz0iaHR0cDovL3d3dy53My5vcmcvMjAwMC9zdmciPjwvc3ZnPg==\" style=\"--smush-placeholder-width: 553px; --smush-placeholder-aspect-ratio: 553\/553;\" \/>\t\t\t\t\t\t\n\t\t\t\t\t<\/div>\n\t\t\t\t\t\t\t\t\n<style>\n#image_1139919061 {\n  width: 100%;\n}\n<\/style>\n\t<\/div>\n\t\n\n\n\t\t<\/div>\n\t\t\t\t\t<\/div>\n\n\t\n\n<\/div>","protected":false},"excerpt":{"rendered":"","protected":false},"author":2,"featured_media":0,"parent":0,"menu_order":0,"comment_status":"closed","ping_status":"closed","template":"","meta":{"_monsterinsights_skip_tracking":false,"_monsterinsights_sitenote_active":false,"_monsterinsights_sitenote_note":"","_monsterinsights_sitenote_category":0,"footnotes":""},"class_list":["post-65","page","type-page","status-publish","hentry"],"_links":{"self":[{"href":"https:\/\/youthcup.kksokud.ee\/et\/wp-json\/wp\/v2\/pages\/65","targetHints":{"allow":["GET"]}}],"collection":[{"href":"https:\/\/youthcup.kksokud.ee\/et\/wp-json\/wp\/v2\/pages"}],"about":[{"href":"https:\/\/youthcup.kksokud.ee\/et\/wp-json\/wp\/v2\/types\/page"}],"author":[{"embeddable":true,"href":"https:\/\/youthcup.kksokud.ee\/et\/wp-json\/wp\/v2\/users\/2"}],"replies":[{"embeddable":true,"href":"https:\/\/youthcup.kksokud.ee\/et\/wp-json\/wp\/v2\/comments?post=65"}],"version-history":[{"count":5,"href":"https:\/\/youthcup.kksokud.ee\/et\/wp-json\/wp\/v2\/pages\/65\/revisions"}],"predecessor-version":[{"id":413,"href":"https:\/\/youthcup.kksokud.ee\/et\/wp-json\/wp\/v2\/pages\/65\/revisions\/413"}],"wp:attachment":[{"href":"https:\/\/youthcup.kksokud.ee\/et\/wp-json\/wp\/v2\/media?parent=65"}],"curies":[{"name":"t\u00f6\u00f6leht","href":"https:\/\/api.w.org\/{rel}","templated":true}]}}