{"id":82,"date":"2024-10-29T14:09:17","date_gmt":"2024-10-29T14:09:17","guid":{"rendered":"https:\/\/youthcup.kksokud.ee\/?page_id=82"},"modified":"2025-09-26T10:55:35","modified_gmt":"2025-09-26T10:55:35","slug":"prices","status":"publish","type":"page","link":"https:\/\/youthcup.kksokud.ee\/et\/prices\/","title":{"rendered":"Paketid"},"content":{"rendered":"<div class=\"row\"  id=\"row-1890063555\">\n\n\n\t<div id=\"col-1129789838\" class=\"col medium-10 small-12 large-10\"  >\n\t\t\t\t<div class=\"col-inner\"  >\n\t\t\t\n\t\t\t\n\n<p>Altpoolt leiate 2026. aasta turniiri osav\u00f5tupaketi teabe.<\/p>\n<p>Kalev Cramo \/ No Bananas Youth Cup team fee is 160 EUR \/per team, plus participation fee 20 EUR \/player (no meals included). For the teams with accommodation packages, the participation fee does not apply.<\/p>\n<p>Please ask the best option for accommodation (depending on the team venue location) and prices from the tournament organizer: <strong><a href=\"mailto:youtcup@kksokud.ee\">youthcup@kksokud.ee<\/a><\/strong><\/p>\n<h3>Majutuspaketid 2 \u00f6\u00f6ks (15.-17.05.2026), sh 7 toidukorda<\/h3>\n<p>15.05 l\u00f5una spordihallis\/j\u00f5usaalis, saadaval 11.00-15.00<br \/>15.05 \u00f5htus\u00f6\u00f6k hotellis\/koolis, saadaval 18:00-22:00 <br \/>16.05 breakfast in the hotel\/school, according to hotel breakfast timing (in school 07.00-10.00)<br \/>16.05 l\u00f5unas\u00f6\u00f6k spordihallis\/j\u00f5usaalis, saadaval 11.00-15.00<br \/>16.05 \u00f5htus\u00f6\u00f6k hotellis\/koolis, saadaval 18:00-22:00<br \/>17.05 breakfast in the hotel\/school, according to hotel breakfast timing (in school 07.00-10.00)<br \/>17.05 l\u00f5unas\u00f6\u00f6k fuajees\/j\u00f5usaalis, saadaval 11.00-15:00<\/p>\n<h3>Majutuspaketid 3 \u00f6\u00f6ks (14.-17.05.2026), mis sisaldavad 9 toidukorda<\/h3>\n<p>14.05 \u00f5htus\u00f6\u00f6k hotellis, saadaval 18:00-22:00<br \/>15.05 hommikus\u00f6\u00f6k hotellis, vastavalt hotelli hommikus\u00f6\u00f6gi ajale<br \/>15.05 l\u00f5una spordihallis\/j\u00f5usaalis, saadaval 11.00-15.00<br \/>15.05 \u00f5htus\u00f6\u00f6k hotellis, saadaval 18:00-22:00 <br \/>16.05 hommikus\u00f6\u00f6k hotellis, vastavalt hotelli hommikus\u00f6\u00f6gi ajale (koolis)<br \/>07.00-10.00)<br \/>16.05 l\u00f5una spordihallis\/j\u00f5usaalis, saadaval 11.00-15.00<br \/>16.05 \u00f5htus\u00f6\u00f6k hotellis, saadaval 18:00-22:00<br \/>17.05 hommikus\u00f6\u00f6k hotellis, vastavalt hotelli hommikus\u00f6\u00f6gi ajale (koolis)<br \/>07.00-10.00)<br \/>17.05 l\u00f5una spordihallis\/j\u00f5usaalis, saadaval 11.00-15.00<\/p>\n<h2>HOTELLI VALIKUD<\/h2>\n<h4>A-kategooria hotellid:<\/h4>\n<ul>\n<li>2 \u00f6\u00f6d 200 eurot\/inimese kohta (kahe- ja kolmekohalised toad), \u00fcheinimesetuba 270 eurot<\/li>\n<li>3 \u00f6\u00f6d 265 eurot\/inimese kohta (kahe- ja kolmekohalised toad), \u00fcheinimesetuba 370 eurot<\/li>\n<\/ul>\n<p>B-kategooria hotellid 2 \u00f6\u00f6d:<\/p>\n<ul>\n<li>2 \u00f6\u00f6d 175 eurot\/inimese kohta (kahe- ja kolmekohalised toad), \u00fcheinimesetuba 205 eurot<\/li>\n<li>3 \u00f6\u00f6d 230 eurot\/inimese kohta (kahe- ja kolmekohalised toad), \u00fcheinimesetuba 270 eurot<\/li>\n<\/ul>\n<h3>Koolimajutus<\/h3>\n<p><em>Available only for 2 nights, 15-17.05.2026, check-in starting from 16:00, own sleeping bag\/mattress needed.<\/em><\/p>\n<ul>\n<li>2 \u00f6\u00f6d 100 eurot\/inimese kohta<\/li>\n<\/ul>\n<p>Parimat majutusv\u00f5imalust (olenevalt meeskonna asukohast) ja hindu k\u00fcsi turniiri korraldajalt: <strong><a href=\"mailto:youtcup@kksokud.ee\">youthcup@kksokud.ee<\/a><\/strong><\/p>\n<h3>Oma majutus<\/h3>\n<p>V\u00f5istkonna osalustasu on 160 eurot v\u00f5istkonna kohta, millele lisandub osav\u00f5tutasu 20 eurot m\u00e4ngija kohta (toitlustus ei kuulu hinda).<\/p>\n<h2>S\u00d6\u00d6GID<\/h2>\n<p>Majutuspaketita v\u00f5istkondadel on v\u00f5imalik l\u00f5unas\u00f6\u00f6k (ilma hommiku- ja \u00f5htus\u00f6\u00f6kideta) kohapeal ette tellida (10 eurot l\u00f5unas\u00f6\u00f6k\/inimese kohta), lisateabe saamiseks k\u00fcsige turniiri korraldajalt. <strong><a href=\"mailto:youthcup@kksokud.ee\">youthcup@kksokud.ee<\/a><\/strong><\/p>\n<h3>\u00dcHISTRANSPORT \/ \u00dcHISTRANSPORT<\/h3>\n<p>Tallinna \u00fchistransport on turniiril osalejatele tasuta ning iga v\u00f5istkond saab hiljemalt 2 n\u00e4dalat enne turniiri QR-koodi lisainfoga, kuidas kasutada. Transfeere on v\u00f5imalik tellida ka saabumisel\/lahkumisel, t\u00e4psema info\/hindade saamiseks v\u00f5tke \u00fchendust turniiri korraldajaga.<\/p>\n\n\t\t<\/div>\n\t\t\t\t\t<\/div>\n\n\t\n\n\t<div id=\"col-1846182288\" class=\"col medium-2 small-12 large-2\"  >\n\t\t\t\t<div class=\"col-inner\"  >\n\t\t\t\n\t\t\t\n\n\t<div class=\"img has-hover x md-x lg-x y md-y lg-y\" id=\"image_438340346\">\n\t\t\t\t\t\t\t\t<div class=\"img-inner dark\" >\n\t\t\t<img decoding=\"async\" width=\"806\" height=\"984\" data-src=\"https:\/\/youthcup.kksokud.ee\/wp-content\/uploads\/2024\/10\/BC_KC_logo_Dark_RGB@4x-8.png\" class=\"attachment-original size-original lazyload\" alt=\"\" data-srcset=\"https:\/\/youthcup.kksokud.ee\/wp-content\/uploads\/2024\/10\/BC_KC_logo_Dark_RGB@4x-8.png 806w, https:\/\/youthcup.kksokud.ee\/wp-content\/uploads\/2024\/10\/BC_KC_logo_Dark_RGB@4x-8-246x300.png 246w, https:\/\/youthcup.kksokud.ee\/wp-content\/uploads\/2024\/10\/BC_KC_logo_Dark_RGB@4x-8-768x938.png 768w\" data-sizes=\"(max-width: 806px) 100vw, 806px\" src=\"data:image\/svg+xml;base64,PHN2ZyB3aWR0aD0iMSIgaGVpZ2h0PSIxIiB4bWxucz0iaHR0cDovL3d3dy53My5vcmcvMjAwMC9zdmciPjwvc3ZnPg==\" style=\"--smush-placeholder-width: 806px; --smush-placeholder-aspect-ratio: 806\/984;\" \/>\t\t\t\t\t\t\n\t\t\t\t\t<\/div>\n\t\t\t\t\t\t\t\t\n<style>\n#image_438340346 {\n  width: 100%;\n}\n<\/style>\n\t<\/div>\n\t\n\n\t<div class=\"img has-hover x md-x lg-x y md-y lg-y\" id=\"image_654175655\">\n\t\t\t\t\t\t\t\t<div class=\"img-inner dark\" >\n\t\t\t<img decoding=\"async\" width=\"910\" height=\"466\" data-src=\"https:\/\/youthcup.kksokud.ee\/wp-content\/uploads\/2024\/12\/nyIBQpqg.png\" class=\"attachment-original size-original lazyload\" alt=\"\" data-srcset=\"https:\/\/youthcup.kksokud.ee\/wp-content\/uploads\/2024\/12\/nyIBQpqg.png 910w, https:\/\/youthcup.kksokud.ee\/wp-content\/uploads\/2024\/12\/nyIBQpqg-300x154.png 300w, https:\/\/youthcup.kksokud.ee\/wp-content\/uploads\/2024\/12\/nyIBQpqg-768x393.png 768w\" data-sizes=\"(max-width: 910px) 100vw, 910px\" src=\"data:image\/svg+xml;base64,PHN2ZyB3aWR0aD0iMSIgaGVpZ2h0PSIxIiB4bWxucz0iaHR0cDovL3d3dy53My5vcmcvMjAwMC9zdmciPjwvc3ZnPg==\" style=\"--smush-placeholder-width: 910px; --smush-placeholder-aspect-ratio: 910\/466;\" \/>\t\t\t\t\t\t\n\t\t\t\t\t<\/div>\n\t\t\t\t\t\t\t\t\n<style>\n#image_654175655 {\n  width: 100%;\n}\n<\/style>\n\t<\/div>\n\t\n\n\t<div class=\"img has-hover x md-x lg-x y md-y lg-y\" id=\"image_1430757385\">\n\t\t\t\t\t\t\t\t<div class=\"img-inner dark\" >\n\t\t\t<img decoding=\"async\" width=\"341\" height=\"228\" data-src=\"https:\/\/youthcup.kksokud.ee\/wp-content\/uploads\/2024\/11\/TRV.png\" class=\"attachment-original size-original lazyload\" alt=\"\" data-srcset=\"https:\/\/youthcup.kksokud.ee\/wp-content\/uploads\/2024\/11\/TRV.png 341w, https:\/\/youthcup.kksokud.ee\/wp-content\/uploads\/2024\/11\/TRV-300x201.png 300w\" data-sizes=\"(max-width: 341px) 100vw, 341px\" src=\"data:image\/svg+xml;base64,PHN2ZyB3aWR0aD0iMSIgaGVpZ2h0PSIxIiB4bWxucz0iaHR0cDovL3d3dy53My5vcmcvMjAwMC9zdmciPjwvc3ZnPg==\" style=\"--smush-placeholder-width: 341px; --smush-placeholder-aspect-ratio: 341\/228;\" \/>\t\t\t\t\t\t\n\t\t\t\t\t<\/div>\n\t\t\t\t\t\t\t\t\n<style>\n#image_1430757385 {\n  width: 100%;\n}\n<\/style>\n\t<\/div>\n\t\n\n\t<div class=\"img has-hover x md-x lg-x y md-y lg-y\" id=\"image_740951176\">\n\t\t\t\t\t\t\t\t<div class=\"img-inner dark\" >\n\t\t\t<img decoding=\"async\" width=\"600\" height=\"148\" data-src=\"https:\/\/youthcup.kksokud.ee\/wp-content\/uploads\/2024\/11\/Stigmar.jpg\" class=\"attachment-original size-original lazyload\" alt=\"\" data-srcset=\"https:\/\/youthcup.kksokud.ee\/wp-content\/uploads\/2024\/11\/Stigmar.jpg 600w, https:\/\/youthcup.kksokud.ee\/wp-content\/uploads\/2024\/11\/Stigmar-300x74.jpg 300w\" data-sizes=\"(max-width: 600px) 100vw, 600px\" src=\"data:image\/svg+xml;base64,PHN2ZyB3aWR0aD0iMSIgaGVpZ2h0PSIxIiB4bWxucz0iaHR0cDovL3d3dy53My5vcmcvMjAwMC9zdmciPjwvc3ZnPg==\" style=\"--smush-placeholder-width: 600px; --smush-placeholder-aspect-ratio: 600\/148;\" \/>\t\t\t\t\t\t\n\t\t\t\t\t<\/div>\n\t\t\t\t\t\t\t\t\n<style>\n#image_740951176 {\n  width: 100%;\n}\n<\/style>\n\t<\/div>\n\t\n\n\t<div class=\"img has-hover x md-x lg-x y md-y lg-y\" id=\"image_1488001770\">\n\t\t\t\t\t\t\t\t<div class=\"img-inner dark\" >\n\t\t\t<img decoding=\"async\" width=\"553\" height=\"553\" data-src=\"https:\/\/youthcup.kksokud.ee\/wp-content\/uploads\/2024\/12\/Sigma-Systems.jpg\" class=\"attachment-large size-large lazyload\" alt=\"\" data-srcset=\"https:\/\/youthcup.kksokud.ee\/wp-content\/uploads\/2024\/12\/Sigma-Systems.jpg 553w, https:\/\/youthcup.kksokud.ee\/wp-content\/uploads\/2024\/12\/Sigma-Systems-300x300.jpg 300w, https:\/\/youthcup.kksokud.ee\/wp-content\/uploads\/2024\/12\/Sigma-Systems-150x150.jpg 150w\" data-sizes=\"(max-width: 553px) 100vw, 553px\" src=\"data:image\/svg+xml;base64,PHN2ZyB3aWR0aD0iMSIgaGVpZ2h0PSIxIiB4bWxucz0iaHR0cDovL3d3dy53My5vcmcvMjAwMC9zdmciPjwvc3ZnPg==\" style=\"--smush-placeholder-width: 553px; --smush-placeholder-aspect-ratio: 553\/553;\" \/>\t\t\t\t\t\t\n\t\t\t\t\t<\/div>\n\t\t\t\t\t\t\t\t\n<style>\n#image_1488001770 {\n  width: 100%;\n}\n<\/style>\n\t<\/div>\n\t\n\n\n\t\t<\/div>\n\t\t\t\t\t<\/div>\n\n\t\n\n<\/div>","protected":false},"excerpt":{"rendered":"","protected":false},"author":2,"featured_media":0,"parent":0,"menu_order":0,"comment_status":"closed","ping_status":"closed","template":"","meta":{"_monsterinsights_skip_tracking":false,"_monsterinsights_sitenote_active":false,"_monsterinsights_sitenote_note":"","_monsterinsights_sitenote_category":0,"footnotes":""},"class_list":["post-82","page","type-page","status-publish","hentry"],"_links":{"self":[{"href":"https:\/\/youthcup.kksokud.ee\/et\/wp-json\/wp\/v2\/pages\/82","targetHints":{"allow":["GET"]}}],"collection":[{"href":"https:\/\/youthcup.kksokud.ee\/et\/wp-json\/wp\/v2\/pages"}],"about":[{"href":"https:\/\/youthcup.kksokud.ee\/et\/wp-json\/wp\/v2\/types\/page"}],"author":[{"embeddable":true,"href":"https:\/\/youthcup.kksokud.ee\/et\/wp-json\/wp\/v2\/users\/2"}],"replies":[{"embeddable":true,"href":"https:\/\/youthcup.kksokud.ee\/et\/wp-json\/wp\/v2\/comments?post=82"}],"version-history":[{"count":5,"href":"https:\/\/youthcup.kksokud.ee\/et\/wp-json\/wp\/v2\/pages\/82\/revisions"}],"predecessor-version":[{"id":927,"href":"https:\/\/youthcup.kksokud.ee\/et\/wp-json\/wp\/v2\/pages\/82\/revisions\/927"}],"wp:attachment":[{"href":"https:\/\/youthcup.kksokud.ee\/et\/wp-json\/wp\/v2\/media?parent=82"}],"curies":[{"name":"t\u00f6\u00f6leht","href":"https:\/\/api.w.org\/{rel}","templated":true}]}}