{"id":84,"date":"2024-10-29T14:09:36","date_gmt":"2024-10-29T14:09:36","guid":{"rendered":"https:\/\/youthcup.kksokud.ee\/?page_id=84"},"modified":"2024-10-29T14:48:15","modified_gmt":"2024-10-29T14:48:15","slug":"accomodation","status":"publish","type":"page","link":"https:\/\/youthcup.kksokud.ee\/et\/accomodation\/","title":{"rendered":"Majutus"},"content":{"rendered":"<div class=\"row\"  id=\"row-1490105501\">\n\n\n\t<div id=\"col-551428595\" class=\"col medium-8 small-12 large-8\"  >\n\t\t\t\t<div class=\"col-inner\"  >\n\t\t\t\n\t\t\t\n\n<p>Majutuspaketid 2 \u00f6\u00f6ks (23-25.05.2024), sh 7 toidukorda;<br \/>23.05 l\u00f5unas\u00f6\u00f6k kohapeal, saadaval 11.00-15.00<br \/>23.05 \u00f5htus\u00f6\u00f6k hotellis, saadaval 18:00 -22:00 <br \/>24.05 hommikus\u00f6\u00f6k hotellis\/koolis, vastavalt hotelli hommikus\u00f6\u00f6gi ajale (koolis 07.00-10.00)<br \/>24.05 l\u00f5unas\u00f6\u00f6k kohapeal, saadaval 11.00-15.00<br \/>24.05 \u00f5htus\u00f6\u00f6k hotellis\/koolis, saadaval 18:00 -22:00<br \/>25.05 hommikus\u00f6\u00f6k hotellis\/koolis, vastavalt hotelli hommikus\u00f6\u00f6gi ajale (koolis 07.00-10.00)<br \/>25.05 l\u00f5unas\u00f6\u00f6k kohapeal, saadaval 11.00-15.00<br \/>Majutuspaketid 3 \u00f6\u00f6ks (22-25.05.2024), sh 9 toidukorda;<br \/>22.05 \u00f5htus\u00f6\u00f6k hotellis, saadaval 18:00 -22:00<br \/>23.05 hommikus\u00f6\u00f6k hotellis, vastavalt hotelli hommikus\u00f6\u00f6gi ajastusele<br \/>23.05 l\u00f5unas\u00f6\u00f6k kohapeal, saadaval 11.00-15.00<br \/>23.05 \u00f5htus\u00f6\u00f6k hotellis, saadaval 18:00 -22:00 <br \/>24.05 hommikus\u00f6\u00f6k hotellis\/koolis, vastavalt hotelli hommikus\u00f6\u00f6gi ajale (koolis 07.00-10.00)<br \/>24.05 l\u00f5unas\u00f6\u00f6k kohapeal, saadaval 11.00-15.00<br \/>24.05 \u00f5htus\u00f6\u00f6k hotellis\/koolis, saadaval 18:00 -22:00<br \/>25.05 hommikus\u00f6\u00f6k hotellis\/koolis, vastavalt hotelli hommikus\u00f6\u00f6gi ajale (koolis 07.00-10.00)<br \/>25.05 l\u00f5unas\u00f6\u00f6k kohapeal, saadaval 11.00-15.00<\/p>\n<p>HOTELLID<\/p>\n<p>Park Inn by Radisson Meriton Conference &amp; Spa Hotel Tallinn (Google link)<br \/>Hotel Dzingel (Google&#039;i link)<br \/>ibis Tallinn Center (Google link)<\/p>\n<p>Koolimajutus (saadaval ainult 2 \u00f6\u00f6d, 23-25.05.2024, check-in alates 16:00).<br \/>Parimat majutusv\u00f5imalust (olenevalt meeskonna asukohast) ja hindu k\u00fcsi turniiri korraldajalt info@cramoyouthcup.eu<\/p>\n<p>S\u00d6\u00d6GID<\/p>\n<p>Majutuspakettideta v\u00f5istkondadel on v\u00f5imalik l\u00f5unas\u00f6\u00f6ke (ilma hommiku-\/\u00f5htus\u00f6\u00f6kideta) ette tellida toimumiskohtades, lisainfot k\u00fcsi turniiri korraldajalt info@cramoyouthcup.eu<\/p>\n<p>\u00dcHISTRANSPORT \/ \u00dcHISTRANSPORT<\/p>\n<p>Tallinna \u00fchistransport on turniiril osalejatele tasuta ning iga v\u00f5istkond saab hiljemalt 2 n\u00e4dalat enne turniiri QR-koodi lisainfoga, kuidas kasutada. Transfeere on v\u00f5imalik tellida ka saabumisel\/lahkumisel, t\u00e4psema info\/hindade saamiseks v\u00f5tke \u00fchendust turniiri korraldajaga info@cramoyouthcup.eu<\/p>\n<p>\u00a0<\/p>\n\n\t\t<\/div>\n\t\t\t\t\t<\/div>\n\n\t\n\n\t<div id=\"col-544738791\" class=\"col medium-2 small-12 large-2\"  >\n\t\t\t\t<div class=\"col-inner\"  >\n\t\t\t\n\t\t\t\n\n\t<div class=\"img has-hover x md-x lg-x y md-y lg-y\" id=\"image_46436210\">\n\t\t\t\t\t\t\t\t<div class=\"img-inner dark\" >\n\t\t\t<img decoding=\"async\" width=\"806\" height=\"984\" data-src=\"https:\/\/youthcup.kksokud.ee\/wp-content\/uploads\/2024\/10\/BC_KC_logo_Dark_RGB@4x-8.png\" class=\"attachment-original size-original lazyload\" alt=\"\" data-srcset=\"https:\/\/youthcup.kksokud.ee\/wp-content\/uploads\/2024\/10\/BC_KC_logo_Dark_RGB@4x-8.png 806w, https:\/\/youthcup.kksokud.ee\/wp-content\/uploads\/2024\/10\/BC_KC_logo_Dark_RGB@4x-8-246x300.png 246w, https:\/\/youthcup.kksokud.ee\/wp-content\/uploads\/2024\/10\/BC_KC_logo_Dark_RGB@4x-8-768x938.png 768w\" data-sizes=\"(max-width: 806px) 100vw, 806px\" src=\"data:image\/svg+xml;base64,PHN2ZyB3aWR0aD0iMSIgaGVpZ2h0PSIxIiB4bWxucz0iaHR0cDovL3d3dy53My5vcmcvMjAwMC9zdmciPjwvc3ZnPg==\" style=\"--smush-placeholder-width: 806px; --smush-placeholder-aspect-ratio: 806\/984;\" \/>\t\t\t\t\t\t\n\t\t\t\t\t<\/div>\n\t\t\t\t\t\t\t\t\n<style>\n#image_46436210 {\n  width: 100%;\n}\n<\/style>\n\t<\/div>\n\t\n\n\t<div class=\"img has-hover x md-x lg-x y md-y lg-y\" id=\"image_1171352237\">\n\t\t\t\t\t\t\t\t<div class=\"img-inner dark\" >\n\t\t\t<img decoding=\"async\" width=\"806\" height=\"984\" data-src=\"https:\/\/youthcup.kksokud.ee\/wp-content\/uploads\/2024\/10\/BC_KC_logo_Dark_RGB@4x-8.png\" class=\"attachment-original size-original lazyload\" alt=\"\" data-srcset=\"https:\/\/youthcup.kksokud.ee\/wp-content\/uploads\/2024\/10\/BC_KC_logo_Dark_RGB@4x-8.png 806w, https:\/\/youthcup.kksokud.ee\/wp-content\/uploads\/2024\/10\/BC_KC_logo_Dark_RGB@4x-8-246x300.png 246w, https:\/\/youthcup.kksokud.ee\/wp-content\/uploads\/2024\/10\/BC_KC_logo_Dark_RGB@4x-8-768x938.png 768w\" data-sizes=\"(max-width: 806px) 100vw, 806px\" src=\"data:image\/svg+xml;base64,PHN2ZyB3aWR0aD0iMSIgaGVpZ2h0PSIxIiB4bWxucz0iaHR0cDovL3d3dy53My5vcmcvMjAwMC9zdmciPjwvc3ZnPg==\" style=\"--smush-placeholder-width: 806px; --smush-placeholder-aspect-ratio: 806\/984;\" \/>\t\t\t\t\t\t\n\t\t\t\t\t<\/div>\n\t\t\t\t\t\t\t\t\n<style>\n#image_1171352237 {\n  width: 100%;\n}\n<\/style>\n\t<\/div>\n\t\n\n\t<div class=\"img has-hover x md-x lg-x y md-y lg-y\" id=\"image_17918385\">\n\t\t\t\t\t\t\t\t<div class=\"img-inner dark\" >\n\t\t\t<img decoding=\"async\" width=\"806\" height=\"984\" data-src=\"https:\/\/youthcup.kksokud.ee\/wp-content\/uploads\/2024\/10\/BC_KC_logo_Dark_RGB@4x-8.png\" class=\"attachment-original size-original lazyload\" alt=\"\" data-srcset=\"https:\/\/youthcup.kksokud.ee\/wp-content\/uploads\/2024\/10\/BC_KC_logo_Dark_RGB@4x-8.png 806w, https:\/\/youthcup.kksokud.ee\/wp-content\/uploads\/2024\/10\/BC_KC_logo_Dark_RGB@4x-8-246x300.png 246w, https:\/\/youthcup.kksokud.ee\/wp-content\/uploads\/2024\/10\/BC_KC_logo_Dark_RGB@4x-8-768x938.png 768w\" data-sizes=\"(max-width: 806px) 100vw, 806px\" src=\"data:image\/svg+xml;base64,PHN2ZyB3aWR0aD0iMSIgaGVpZ2h0PSIxIiB4bWxucz0iaHR0cDovL3d3dy53My5vcmcvMjAwMC9zdmciPjwvc3ZnPg==\" style=\"--smush-placeholder-width: 806px; --smush-placeholder-aspect-ratio: 806\/984;\" \/>\t\t\t\t\t\t\n\t\t\t\t\t<\/div>\n\t\t\t\t\t\t\t\t\n<style>\n#image_17918385 {\n  width: 100%;\n}\n<\/style>\n\t<\/div>\n\t\n\n\n\t\t<\/div>\n\t\t\t\t\t<\/div>\n\n\t\n\n\t<div id=\"col-850519444\" class=\"col medium-2 small-12 large-2\"  >\n\t\t\t\t<div class=\"col-inner\"  >\n\t\t\t\n\t\t\t\n\n\t<div class=\"img has-hover x md-x lg-x y md-y lg-y\" id=\"image_77089164\">\n\t\t\t\t\t\t\t\t<div class=\"img-inner dark\" >\n\t\t\t<img decoding=\"async\" width=\"806\" height=\"984\" data-src=\"https:\/\/youthcup.kksokud.ee\/wp-content\/uploads\/2024\/10\/BC_KC_logo_Dark_RGB@4x-8.png\" class=\"attachment-original size-original lazyload\" alt=\"\" data-srcset=\"https:\/\/youthcup.kksokud.ee\/wp-content\/uploads\/2024\/10\/BC_KC_logo_Dark_RGB@4x-8.png 806w, https:\/\/youthcup.kksokud.ee\/wp-content\/uploads\/2024\/10\/BC_KC_logo_Dark_RGB@4x-8-246x300.png 246w, https:\/\/youthcup.kksokud.ee\/wp-content\/uploads\/2024\/10\/BC_KC_logo_Dark_RGB@4x-8-768x938.png 768w\" data-sizes=\"(max-width: 806px) 100vw, 806px\" src=\"data:image\/svg+xml;base64,PHN2ZyB3aWR0aD0iMSIgaGVpZ2h0PSIxIiB4bWxucz0iaHR0cDovL3d3dy53My5vcmcvMjAwMC9zdmciPjwvc3ZnPg==\" style=\"--smush-placeholder-width: 806px; --smush-placeholder-aspect-ratio: 806\/984;\" \/>\t\t\t\t\t\t\n\t\t\t\t\t<\/div>\n\t\t\t\t\t\t\t\t\n<style>\n#image_77089164 {\n  width: 100%;\n}\n<\/style>\n\t<\/div>\n\t\n\n\t<div class=\"img has-hover x md-x lg-x y md-y lg-y\" id=\"image_766466448\">\n\t\t\t\t\t\t\t\t<div class=\"img-inner dark\" >\n\t\t\t<img decoding=\"async\" width=\"806\" height=\"984\" data-src=\"https:\/\/youthcup.kksokud.ee\/wp-content\/uploads\/2024\/10\/BC_KC_logo_Dark_RGB@4x-8.png\" class=\"attachment-original size-original lazyload\" alt=\"\" data-srcset=\"https:\/\/youthcup.kksokud.ee\/wp-content\/uploads\/2024\/10\/BC_KC_logo_Dark_RGB@4x-8.png 806w, https:\/\/youthcup.kksokud.ee\/wp-content\/uploads\/2024\/10\/BC_KC_logo_Dark_RGB@4x-8-246x300.png 246w, https:\/\/youthcup.kksokud.ee\/wp-content\/uploads\/2024\/10\/BC_KC_logo_Dark_RGB@4x-8-768x938.png 768w\" data-sizes=\"(max-width: 806px) 100vw, 806px\" src=\"data:image\/svg+xml;base64,PHN2ZyB3aWR0aD0iMSIgaGVpZ2h0PSIxIiB4bWxucz0iaHR0cDovL3d3dy53My5vcmcvMjAwMC9zdmciPjwvc3ZnPg==\" style=\"--smush-placeholder-width: 806px; --smush-placeholder-aspect-ratio: 806\/984;\" \/>\t\t\t\t\t\t\n\t\t\t\t\t<\/div>\n\t\t\t\t\t\t\t\t\n<style>\n#image_766466448 {\n  width: 100%;\n}\n<\/style>\n\t<\/div>\n\t\n\n\t<div class=\"img has-hover x md-x lg-x y md-y lg-y\" id=\"image_675666543\">\n\t\t\t\t\t\t\t\t<div class=\"img-inner dark\" >\n\t\t\t<img decoding=\"async\" width=\"806\" height=\"984\" data-src=\"https:\/\/youthcup.kksokud.ee\/wp-content\/uploads\/2024\/10\/BC_KC_logo_Dark_RGB@4x-8.png\" class=\"attachment-original size-original lazyload\" alt=\"\" data-srcset=\"https:\/\/youthcup.kksokud.ee\/wp-content\/uploads\/2024\/10\/BC_KC_logo_Dark_RGB@4x-8.png 806w, https:\/\/youthcup.kksokud.ee\/wp-content\/uploads\/2024\/10\/BC_KC_logo_Dark_RGB@4x-8-246x300.png 246w, https:\/\/youthcup.kksokud.ee\/wp-content\/uploads\/2024\/10\/BC_KC_logo_Dark_RGB@4x-8-768x938.png 768w\" data-sizes=\"(max-width: 806px) 100vw, 806px\" src=\"data:image\/svg+xml;base64,PHN2ZyB3aWR0aD0iMSIgaGVpZ2h0PSIxIiB4bWxucz0iaHR0cDovL3d3dy53My5vcmcvMjAwMC9zdmciPjwvc3ZnPg==\" style=\"--smush-placeholder-width: 806px; --smush-placeholder-aspect-ratio: 806\/984;\" \/>\t\t\t\t\t\t\n\t\t\t\t\t<\/div>\n\t\t\t\t\t\t\t\t\n<style>\n#image_675666543 {\n  width: 100%;\n}\n<\/style>\n\t<\/div>\n\t\n\n\n\t\t<\/div>\n\t\t\t\t\t<\/div>\n\n\t\n\n<\/div>","protected":false},"excerpt":{"rendered":"","protected":false},"author":2,"featured_media":0,"parent":0,"menu_order":0,"comment_status":"closed","ping_status":"closed","template":"","meta":{"_monsterinsights_skip_tracking":false,"_monsterinsights_sitenote_active":false,"_monsterinsights_sitenote_note":"","_monsterinsights_sitenote_category":0,"footnotes":""},"class_list":["post-84","page","type-page","status-publish","hentry"],"_links":{"self":[{"href":"https:\/\/youthcup.kksokud.ee\/et\/wp-json\/wp\/v2\/pages\/84","targetHints":{"allow":["GET"]}}],"collection":[{"href":"https:\/\/youthcup.kksokud.ee\/et\/wp-json\/wp\/v2\/pages"}],"about":[{"href":"https:\/\/youthcup.kksokud.ee\/et\/wp-json\/wp\/v2\/types\/page"}],"author":[{"embeddable":true,"href":"https:\/\/youthcup.kksokud.ee\/et\/wp-json\/wp\/v2\/users\/2"}],"replies":[{"embeddable":true,"href":"https:\/\/youthcup.kksokud.ee\/et\/wp-json\/wp\/v2\/comments?post=84"}],"version-history":[{"count":2,"href":"https:\/\/youthcup.kksokud.ee\/et\/wp-json\/wp\/v2\/pages\/84\/revisions"}],"predecessor-version":[{"id":114,"href":"https:\/\/youthcup.kksokud.ee\/et\/wp-json\/wp\/v2\/pages\/84\/revisions\/114"}],"wp:attachment":[{"href":"https:\/\/youthcup.kksokud.ee\/et\/wp-json\/wp\/v2\/media?parent=84"}],"curies":[{"name":"t\u00f6\u00f6leht","href":"https:\/\/api.w.org\/{rel}","templated":true}]}}